{"id":471,"date":"2025-11-12T17:27:05","date_gmt":"2025-11-12T17:27:05","guid":{"rendered":"https:\/\/balnabazis.com\/?page_id=471"},"modified":"2025-11-12T17:30:36","modified_gmt":"2025-11-12T17:30:36","slug":"etlap","status":"publish","type":"page","link":"https:\/\/balnabazis.com\/en\/etlap\/","title":{"rendered":"\u00c9tlap"},"content":{"rendered":"<div data-elementor-type=\"wp-page\" data-elementor-id=\"471\" class=\"elementor elementor-471\" data-elementor-post-type=\"page\">\n\t\t\t\t<div class=\"elementor-element elementor-element-8e2a428 e-con-full e-flex e-con e-parent\" data-id=\"8e2a428\" data-element_type=\"container\" data-settings=\"{&quot;background_background&quot;:&quot;classic&quot;}\">\n\t\t\t\t<div class=\"elementor-element elementor-element-620c6ef elementor-widget elementor-widget-heading\" data-id=\"620c6ef\" data-element_type=\"widget\" data-widget_type=\"heading.default\">\n\t\t\t\t<div class=\"elementor-widget-container\">\n\t\t\t\t\t<h2 class=\"elementor-heading-title elementor-size-default\">\u00c9TLAP<\/h2>\t\t\t\t<\/div>\n\t\t\t\t<\/div>\n\t\t\t\t<div class=\"elementor-element elementor-element-bd7324a elementor-align-center elementor-widget elementor-widget-button\" data-id=\"bd7324a\" data-element_type=\"widget\" data-widget_type=\"button.default\">\n\t\t\t\t<div class=\"elementor-widget-container\">\n\t\t\t\t\t\t\t\t\t<div class=\"elementor-button-wrapper\">\n\t\t\t\t\t<a class=\"elementor-button elementor-button-link elementor-size-sm\" href=\"https:\/\/balnabazis.com\/en\/2025%20Ba%CC%81zis%20menu%CC%88%20_20251111_140932_0000.pdf\/\">\n\t\t\t\t\t\t<span class=\"elementor-button-content-wrapper\">\n\t\t\t\t\t\t\t\t\t<span class=\"elementor-button-text\">Let\u00f6lt\u00e9s<\/span>\n\t\t\t\t\t<\/span>\n\t\t\t\t\t<\/a>\n\t\t\t\t<\/div>\n\t\t\t\t\t\t\t\t<\/div>\n\t\t\t\t<\/div>\n\t\t\t\t<\/div>\n\t\t<div class=\"elementor-element elementor-element-76df82d e-con-full e-flex e-con e-parent\" data-id=\"76df82d\" data-element_type=\"container\">\n\t\t<div class=\"elementor-element elementor-element-688db37 e-con-full e-flex e-con e-child\" data-id=\"688db37\" data-element_type=\"container\">\n\t\t\t\t<div class=\"elementor-element elementor-element-64715cf elementor-widget elementor-widget-image\" data-id=\"64715cf\" data-element_type=\"widget\" data-widget_type=\"image.default\">\n\t\t\t\t<div class=\"elementor-widget-container\">\n\t\t\t\t\t\t\t\t\t\t\t\t\t\t\t<img fetchpriority=\"high\" decoding=\"async\" width=\"1810\" height=\"2560\" src=\"https:\/\/balnabazis.com\/wp-content\/uploads\/2025\/11\/etlap-1-scaled.png\" class=\"attachment-full size-full wp-image-473\" alt=\"\" srcset=\"https:\/\/balnabazis.com\/wp-content\/uploads\/2025\/11\/etlap-1-scaled.png 1810w, https:\/\/balnabazis.com\/wp-content\/uploads\/2025\/11\/etlap-1-212x300.png 212w, https:\/\/balnabazis.com\/wp-content\/uploads\/2025\/11\/etlap-1-724x1024.png 724w, https:\/\/balnabazis.com\/wp-content\/uploads\/2025\/11\/etlap-1-768x1086.png 768w, https:\/\/balnabazis.com\/wp-content\/uploads\/2025\/11\/etlap-1-1086x1536.png 1086w, https:\/\/balnabazis.com\/wp-content\/uploads\/2025\/11\/etlap-1-1448x2048.png 1448w, https:\/\/balnabazis.com\/wp-content\/uploads\/2025\/11\/etlap-1-8x12.png 8w\" sizes=\"(max-width: 1810px) 100vw, 1810px\" \/>\t\t\t\t\t\t\t\t\t\t\t\t\t\t\t<\/div>\n\t\t\t\t<\/div>\n\t\t\t\t<\/div>\n\t\t<div class=\"elementor-element elementor-element-e0c4dbd e-con-full e-flex e-con e-child\" data-id=\"e0c4dbd\" data-element_type=\"container\">\n\t\t\t\t<div class=\"elementor-element elementor-element-6805ddd elementor-widget elementor-widget-image\" data-id=\"6805ddd\" data-element_type=\"widget\" data-widget_type=\"image.default\">\n\t\t\t\t<div class=\"elementor-widget-container\">\n\t\t\t\t\t\t\t\t\t\t\t\t\t\t\t<img decoding=\"async\" width=\"1810\" height=\"2560\" src=\"https:\/\/balnabazis.com\/wp-content\/uploads\/2025\/11\/etlap-2-scaled.png\" class=\"attachment-full size-full wp-image-474\" alt=\"\" srcset=\"https:\/\/balnabazis.com\/wp-content\/uploads\/2025\/11\/etlap-2-scaled.png 1810w, https:\/\/balnabazis.com\/wp-content\/uploads\/2025\/11\/etlap-2-212x300.png 212w, https:\/\/balnabazis.com\/wp-content\/uploads\/2025\/11\/etlap-2-724x1024.png 724w, https:\/\/balnabazis.com\/wp-content\/uploads\/2025\/11\/etlap-2-768x1086.png 768w, https:\/\/balnabazis.com\/wp-content\/uploads\/2025\/11\/etlap-2-1086x1536.png 1086w, https:\/\/balnabazis.com\/wp-content\/uploads\/2025\/11\/etlap-2-1448x2048.png 1448w, https:\/\/balnabazis.com\/wp-content\/uploads\/2025\/11\/etlap-2-8x12.png 8w\" sizes=\"(max-width: 1810px) 100vw, 1810px\" \/>\t\t\t\t\t\t\t\t\t\t\t\t\t\t\t<\/div>\n\t\t\t\t<\/div>\n\t\t\t\t<\/div>\n\t\t<div class=\"elementor-element elementor-element-29cf8b8 e-con-full e-flex e-con e-child\" data-id=\"29cf8b8\" data-element_type=\"container\">\n\t\t\t\t<div class=\"elementor-element elementor-element-bf3c3ed elementor-widget elementor-widget-image\" data-id=\"bf3c3ed\" data-element_type=\"widget\" data-widget_type=\"image.default\">\n\t\t\t\t<div class=\"elementor-widget-container\">\n\t\t\t\t\t\t\t\t\t\t\t\t\t\t\t<img decoding=\"async\" width=\"1810\" height=\"2560\" src=\"https:\/\/balnabazis.com\/wp-content\/uploads\/2025\/11\/etlap-3-scaled.png\" class=\"attachment-full size-full wp-image-475\" alt=\"\" srcset=\"https:\/\/balnabazis.com\/wp-content\/uploads\/2025\/11\/etlap-3-scaled.png 1810w, https:\/\/balnabazis.com\/wp-content\/uploads\/2025\/11\/etlap-3-212x300.png 212w, https:\/\/balnabazis.com\/wp-content\/uploads\/2025\/11\/etlap-3-724x1024.png 724w, https:\/\/balnabazis.com\/wp-content\/uploads\/2025\/11\/etlap-3-768x1086.png 768w, https:\/\/balnabazis.com\/wp-content\/uploads\/2025\/11\/etlap-3-1086x1536.png 1086w, https:\/\/balnabazis.com\/wp-content\/uploads\/2025\/11\/etlap-3-1448x2048.png 1448w, https:\/\/balnabazis.com\/wp-content\/uploads\/2025\/11\/etlap-3-8x12.png 8w\" sizes=\"(max-width: 1810px) 100vw, 1810px\" \/>\t\t\t\t\t\t\t\t\t\t\t\t\t\t\t<\/div>\n\t\t\t\t<\/div>\n\t\t\t\t<\/div>\n\t\t\t\t<\/div>\n\t\t\t\t<\/div>","protected":false},"excerpt":{"rendered":"<p>\u00c9TLAP Let\u00f6lt\u00e9s<\/p>","protected":false},"author":1,"featured_media":0,"parent":0,"menu_order":0,"comment_status":"closed","ping_status":"closed","template":"","meta":{"site-sidebar-layout":"no-sidebar","site-content-layout":"","ast-site-content-layout":"full-width-container","site-content-style":"default","site-sidebar-style":"default","ast-global-header-display":"","ast-banner-title-visibility":"","ast-main-header-display":"","ast-hfb-above-header-display":"","ast-hfb-below-header-display":"","ast-hfb-mobile-header-display":"","site-post-title":"disabled","ast-breadcrumbs-content":"","ast-featured-img":"disabled","footer-sml-layout":"","theme-transparent-header-meta":"","adv-header-id-meta":"","stick-header-meta":"","header-above-stick-meta":"","header-main-stick-meta":"","header-below-stick-meta":"","astra-migrate-meta-layouts":"default","ast-page-background-enabled":"default","ast-page-background-meta":{"desktop":{"background-color":"var(--ast-global-color-5)","background-image":"","background-repeat":"repeat","background-position":"center center","background-size":"auto","background-attachment":"scroll","background-type":"","background-media":"","overlay-type":"","overlay-color":"","overlay-opacity":"","overlay-gradient":""},"tablet":{"background-color":"","background-image":"","background-repeat":"repeat","background-position":"center center","background-size":"auto","background-attachment":"scroll","background-type":"","background-media":"","overlay-type":"","overlay-color":"","overlay-opacity":"","overlay-gradient":""},"mobile":{"background-color":"","background-image":"","background-repeat":"repeat","background-position":"center center","background-size":"auto","background-attachment":"scroll","background-type":"","background-media":"","overlay-type":"","overlay-color":"","overlay-opacity":"","overlay-gradient":""}},"ast-content-background-meta":{"desktop":{"background-color":"var(--ast-global-color-4)","background-image":"","background-repeat":"repeat","background-position":"center center","background-size":"auto","background-attachment":"scroll","background-type":"","background-media":"","overlay-type":"","overlay-color":"","overlay-opacity":"","overlay-gradient":""},"tablet":{"background-color":"var(--ast-global-color-4)","background-image":"","background-repeat":"repeat","background-position":"center center","background-size":"auto","background-attachment":"scroll","background-type":"","background-media":"","overlay-type":"","overlay-color":"","overlay-opacity":"","overlay-gradient":""},"mobile":{"background-color":"var(--ast-global-color-4)","background-image":"","background-repeat":"repeat","background-position":"center center","background-size":"auto","background-attachment":"scroll","background-type":"","background-media":"","overlay-type":"","overlay-color":"","overlay-opacity":"","overlay-gradient":""}},"footnotes":""},"class_list":["post-471","page","type-page","status-publish","hentry"],"_links":{"self":[{"href":"https:\/\/balnabazis.com\/en\/wp-json\/wp\/v2\/pages\/471","targetHints":{"allow":["GET"]}}],"collection":[{"href":"https:\/\/balnabazis.com\/en\/wp-json\/wp\/v2\/pages"}],"about":[{"href":"https:\/\/balnabazis.com\/en\/wp-json\/wp\/v2\/types\/page"}],"author":[{"embeddable":true,"href":"https:\/\/balnabazis.com\/en\/wp-json\/wp\/v2\/users\/1"}],"replies":[{"embeddable":true,"href":"https:\/\/balnabazis.com\/en\/wp-json\/wp\/v2\/comments?post=471"}],"version-history":[{"count":4,"href":"https:\/\/balnabazis.com\/en\/wp-json\/wp\/v2\/pages\/471\/revisions"}],"predecessor-version":[{"id":478,"href":"https:\/\/balnabazis.com\/en\/wp-json\/wp\/v2\/pages\/471\/revisions\/478"}],"wp:attachment":[{"href":"https:\/\/balnabazis.com\/en\/wp-json\/wp\/v2\/media?parent=471"}],"curies":[{"name":"wp","href":"https:\/\/api.w.org\/{rel}","templated":true}]}}