{"id":201,"date":"2025-03-03T16:56:24","date_gmt":"2025-03-03T16:56:24","guid":{"rendered":"https:\/\/balnabazis.com\/?page_id=201"},"modified":"2025-03-24T17:48:32","modified_gmt":"2025-03-24T17:48:32","slug":"rolunk","status":"publish","type":"page","link":"https:\/\/balnabazis.com\/en\/rolunk\/","title":{"rendered":"About us"},"content":{"rendered":"<div data-elementor-type=\"wp-page\" data-elementor-id=\"201\" class=\"elementor elementor-201\" data-elementor-post-type=\"page\">\n\t\t\t\t<div class=\"elementor-element elementor-element-d22e6f7 e-con-full e-flex e-con e-parent\" data-id=\"d22e6f7\" data-element_type=\"container\" data-settings=\"{&quot;background_background&quot;:&quot;classic&quot;,&quot;shape_divider_bottom&quot;:&quot;tilt&quot;}\">\n\t\t\t\t<div class=\"elementor-shape elementor-shape-bottom\" data-negative=\"false\">\n\t\t\t<svg xmlns=\"http:\/\/www.w3.org\/2000\/svg\" viewbox=\"0 0 1000 100\" preserveaspectratio=\"none\">\n\t<path class=\"elementor-shape-fill\" d=\"M0,6V0h1000v100L0,6z\"\/>\n<\/svg>\t\t<\/div>\n\t\t<div class=\"elementor-element elementor-element-e805a35 e-con-full e-flex e-con e-child\" data-id=\"e805a35\" data-element_type=\"container\">\n\t\t\t\t<div class=\"elementor-element elementor-element-305afe1 elementor-widget elementor-widget-heading\" data-id=\"305afe1\" data-element_type=\"widget\" data-widget_type=\"heading.default\">\n\t\t\t\t<div class=\"elementor-widget-container\">\n\t\t\t\t\t<h2 class=\"elementor-heading-title elementor-size-default\">A Place You\u2019ll Always Want to Return To<\/h2>\t\t\t\t<\/div>\n\t\t\t\t<\/div>\n\t\t\t\t<div class=\"elementor-element elementor-element-c3f1ca3 elementor-widget elementor-widget-heading\" data-id=\"c3f1ca3\" data-element_type=\"widget\" data-widget_type=\"heading.default\">\n\t\t\t\t<div class=\"elementor-widget-container\">\n\t\t\t\t\t<h2 class=\"elementor-heading-title elementor-size-default\">Budapest\u2019s Favorite Terrace<\/h2>\t\t\t\t<\/div>\n\t\t\t\t<\/div>\n\t\t\t\t<div class=\"elementor-element elementor-element-4c65117 elementor-widget elementor-widget-text-editor\" data-id=\"4c65117\" data-element_type=\"widget\" data-widget_type=\"text-editor.default\">\n\t\t\t\t<div class=\"elementor-widget-container\">\n\t\t\t\t\t\t\t\t\t<p data-start=\"36\" data-end=\"362\">B\u00e1lna B\u00e1zis is more than just a place \u2014 it\u2019s a way of life, where the vibrant energy of the city and the spirit of relaxation meet in perfect harmony.\nThe breathtaking Danube views and our carefully curated creative cocktails create a one-of-a-kind atmosphere that keeps guests coming back again and again.<\/p><p data-start=\"364\" data-end=\"626\">Whether you're meeting for a sunny daytime gathering, a relaxed afternoon, or a cozy evening with friends, every moment here feels special.\nAs one of Budapest\u2019s most beloved terraces, we are the home of great company, quality drinks, and unforgettable experiences.<\/p><p data-start=\"628\" data-end=\"711\" data-is-last-node=\"\" data-is-only-node=\"\">Discover for yourself why B\u00e1lna B\u00e1zis has become one of the city's favorite meeting spots!<\/p>\t\t\t\t\t\t\t\t<\/div>\n\t\t\t\t<\/div>\n\t\t<div class=\"elementor-element elementor-element-15e0bd3 e-con-full e-flex e-con e-child\" data-id=\"15e0bd3\" data-element_type=\"container\">\n\t\t\t\t<div class=\"elementor-element elementor-element-d7cff83 elementor-align-center elementor-widget elementor-widget-button\" data-id=\"d7cff83\" data-element_type=\"widget\" data-widget_type=\"button.default\">\n\t\t\t\t<div class=\"elementor-widget-container\">\n\t\t\t\t\t\t\t\t\t<div class=\"elementor-button-wrapper\">\n\t\t\t\t\t<a class=\"elementor-button elementor-button-link elementor-size-sm elementor-animation-hang\" href=\"https:\/\/balnabazis.com\/en\/itallap\/\">\n\t\t\t\t\t\t<span class=\"elementor-button-content-wrapper\">\n\t\t\t\t\t\t\t\t\t<span class=\"elementor-button-text\">Drinks<\/span>\n\t\t\t\t\t<\/span>\n\t\t\t\t\t<\/a>\n\t\t\t\t<\/div>\n\t\t\t\t\t\t\t\t<\/div>\n\t\t\t\t<\/div>\n\t\t\t\t<\/div>\n\t\t\t\t<\/div>\n\t\t<div class=\"elementor-element elementor-element-3c8df46 e-con-full e-flex e-con e-child\" data-id=\"3c8df46\" data-element_type=\"container\">\n\t\t\t\t<div class=\"elementor-element elementor-element-ebc8900 elementor-widget elementor-widget-image\" data-id=\"ebc8900\" data-element_type=\"widget\" data-widget_type=\"image.default\">\n\t\t\t\t<div class=\"elementor-widget-container\">\n\t\t\t\t\t\t\t\t\t\t\t\t\t\t\t<img fetchpriority=\"high\" decoding=\"async\" width=\"1024\" height=\"1024\" src=\"https:\/\/balnabazis.com\/wp-content\/uploads\/2025\/03\/bazis-3-1024x1024.png\" class=\"attachment-large size-large wp-image-230\" alt=\"\" srcset=\"https:\/\/balnabazis.com\/wp-content\/uploads\/2025\/03\/bazis-3-1024x1024.png 1024w, https:\/\/balnabazis.com\/wp-content\/uploads\/2025\/03\/bazis-3-300x300.png 300w, https:\/\/balnabazis.com\/wp-content\/uploads\/2025\/03\/bazis-3-150x150.png 150w, https:\/\/balnabazis.com\/wp-content\/uploads\/2025\/03\/bazis-3-768x768.png 768w, https:\/\/balnabazis.com\/wp-content\/uploads\/2025\/03\/bazis-3.png 1080w\" sizes=\"(max-width: 1024px) 100vw, 1024px\" \/>\t\t\t\t\t\t\t\t\t\t\t\t\t\t\t<\/div>\n\t\t\t\t<\/div>\n\t\t\t\t<\/div>\n\t\t\t\t<\/div>\n\t\t<div class=\"elementor-element elementor-element-fc04854 e-con-full e-flex e-con e-parent\" data-id=\"fc04854\" data-element_type=\"container\" data-settings=\"{&quot;background_background&quot;:&quot;classic&quot;}\">\n\t\t<div class=\"elementor-element elementor-element-0783925 e-con-full e-flex elementor-invisible e-con e-child\" data-id=\"0783925\" data-element_type=\"container\" data-settings=\"{&quot;animation&quot;:&quot;fadeInLeft&quot;}\">\n\t\t\t\t<div class=\"elementor-element elementor-element-01e48ff elementor-widget elementor-widget-image\" data-id=\"01e48ff\" data-element_type=\"widget\" data-widget_type=\"image.default\">\n\t\t\t\t<div class=\"elementor-widget-container\">\n\t\t\t\t\t\t\t\t\t\t\t\t\t\t\t<img decoding=\"async\" width=\"263\" height=\"312\" src=\"https:\/\/balnabazis.com\/wp-content\/uploads\/2025\/03\/baratsagos.png\" class=\"attachment-full size-full wp-image-250\" alt=\"\" srcset=\"https:\/\/balnabazis.com\/wp-content\/uploads\/2025\/03\/baratsagos.png 263w, https:\/\/balnabazis.com\/wp-content\/uploads\/2025\/03\/baratsagos-253x300.png 253w\" sizes=\"(max-width: 263px) 100vw, 263px\" \/>\t\t\t\t\t\t\t\t\t\t\t\t\t\t\t<\/div>\n\t\t\t\t<\/div>\n\t\t\t\t<div class=\"elementor-element elementor-element-9f5d8f3 elementor-widget elementor-widget-heading\" data-id=\"9f5d8f3\" data-element_type=\"widget\" data-widget_type=\"heading.default\">\n\t\t\t\t<div class=\"elementor-widget-container\">\n\t\t\t\t\t<h2 class=\"elementor-heading-title elementor-size-default translation-block\">Friendly<br> Atmosphere<\/h2>\t\t\t\t<\/div>\n\t\t\t\t<\/div>\n\t\t\t\t<div class=\"elementor-element elementor-element-4a38e5a elementor-widget elementor-widget-text-editor\" data-id=\"4a38e5a\" data-element_type=\"widget\" data-widget_type=\"text-editor.default\">\n\t\t\t\t<div class=\"elementor-widget-container\">\n\t\t\t\t\t\t\t\t\t<p>A relaxed, easygoing environment where everyone can feel at home \u2014 whether it\u2019s a casual weekday evening or a special celebration.<\/p>\t\t\t\t\t\t\t\t<\/div>\n\t\t\t\t<\/div>\n\t\t\t\t<div class=\"elementor-element elementor-element-22d8e9e elementor-align-center elementor-widget elementor-widget-button\" data-id=\"22d8e9e\" data-element_type=\"widget\" data-widget_type=\"button.default\">\n\t\t\t\t<div class=\"elementor-widget-container\">\n\t\t\t\t\t\t\t\t\t<div class=\"elementor-button-wrapper\">\n\t\t\t\t\t<a class=\"elementor-button elementor-button-link elementor-size-sm elementor-animation-sink\" href=\"https:\/\/maps.app.goo.gl\/j7EinCgXhmz466iW7\">\n\t\t\t\t\t\t<span class=\"elementor-button-content-wrapper\">\n\t\t\t\t\t\t\t\t\t<span class=\"elementor-button-text\">TAKE ME THERE<\/span>\n\t\t\t\t\t<\/span>\n\t\t\t\t\t<\/a>\n\t\t\t\t<\/div>\n\t\t\t\t\t\t\t\t<\/div>\n\t\t\t\t<\/div>\n\t\t\t\t<\/div>\n\t\t<div class=\"elementor-element elementor-element-d34be97 e-con-full e-flex elementor-invisible e-con e-child\" data-id=\"d34be97\" data-element_type=\"container\" data-settings=\"{&quot;animation&quot;:&quot;fadeIn&quot;}\">\n\t\t\t\t<div class=\"elementor-element elementor-element-b2d3248 elementor-widget elementor-widget-image\" data-id=\"b2d3248\" data-element_type=\"widget\" data-widget_type=\"image.default\">\n\t\t\t\t<div class=\"elementor-widget-container\">\n\t\t\t\t\t\t\t\t\t\t\t\t\t\t\t<img decoding=\"async\" width=\"263\" height=\"312\" src=\"https:\/\/balnabazis.com\/wp-content\/uploads\/2025\/02\/panorama-cocktail.png\" class=\"attachment-full size-full wp-image-145\" alt=\"\" srcset=\"https:\/\/balnabazis.com\/wp-content\/uploads\/2025\/02\/panorama-cocktail.png 263w, https:\/\/balnabazis.com\/wp-content\/uploads\/2025\/02\/panorama-cocktail-253x300.png 253w\" sizes=\"(max-width: 263px) 100vw, 263px\" \/>\t\t\t\t\t\t\t\t\t\t\t\t\t\t\t<\/div>\n\t\t\t\t<\/div>\n\t\t\t\t<div class=\"elementor-element elementor-element-57f6906 elementor-widget elementor-widget-heading\" data-id=\"57f6906\" data-element_type=\"widget\" data-widget_type=\"heading.default\">\n\t\t\t\t<div class=\"elementor-widget-container\">\n\t\t\t\t\t<h2 class=\"elementor-heading-title elementor-size-default translation-block\">Riverside<br> Panorama<\/h2>\t\t\t\t<\/div>\n\t\t\t\t<\/div>\n\t\t\t\t<div class=\"elementor-element elementor-element-b216bea elementor-widget elementor-widget-text-editor\" data-id=\"b216bea\" data-element_type=\"widget\" data-widget_type=\"text-editor.default\">\n\t\t\t\t<div class=\"elementor-widget-container\">\n\t\t\t\t\t\t\t\t\t<p><span style=\"font-weight: 400;\">Breathtaking views of the Danube and Budapest\u2019s iconic landmarks that make every occasion truly special.<\/span><\/p>\t\t\t\t\t\t\t\t<\/div>\n\t\t\t\t<\/div>\n\t\t\t\t<div class=\"elementor-element elementor-element-1d4d59f elementor-align-center elementor-widget elementor-widget-button\" data-id=\"1d4d59f\" data-element_type=\"widget\" data-widget_type=\"button.default\">\n\t\t\t\t<div class=\"elementor-widget-container\">\n\t\t\t\t\t\t\t\t\t<div class=\"elementor-button-wrapper\">\n\t\t\t\t\t<a class=\"elementor-button elementor-button-link elementor-size-sm elementor-animation-sink\" href=\"https:\/\/maps.app.goo.gl\/j7EinCgXhmz466iW7\">\n\t\t\t\t\t\t<span class=\"elementor-button-content-wrapper\">\n\t\t\t\t\t\t\t\t\t<span class=\"elementor-button-text\">TAKE ME THERE<\/span>\n\t\t\t\t\t<\/span>\n\t\t\t\t\t<\/a>\n\t\t\t\t<\/div>\n\t\t\t\t\t\t\t\t<\/div>\n\t\t\t\t<\/div>\n\t\t\t\t<\/div>\n\t\t<div class=\"elementor-element elementor-element-6a58db8 e-con-full e-flex elementor-invisible e-con e-child\" data-id=\"6a58db8\" data-element_type=\"container\" data-settings=\"{&quot;animation&quot;:&quot;fadeInRight&quot;}\">\n\t\t\t\t<div class=\"elementor-element elementor-element-108076c elementor-widget elementor-widget-image\" data-id=\"108076c\" data-element_type=\"widget\" data-widget_type=\"image.default\">\n\t\t\t\t<div class=\"elementor-widget-container\">\n\t\t\t\t\t\t\t\t\t\t\t\t\t\t\t<img loading=\"lazy\" decoding=\"async\" width=\"263\" height=\"312\" src=\"https:\/\/balnabazis.com\/wp-content\/uploads\/2025\/03\/ital.png\" class=\"attachment-full size-full wp-image-241\" alt=\"\" srcset=\"https:\/\/balnabazis.com\/wp-content\/uploads\/2025\/03\/ital.png 263w, https:\/\/balnabazis.com\/wp-content\/uploads\/2025\/03\/ital-253x300.png 253w\" sizes=\"(max-width: 263px) 100vw, 263px\" \/>\t\t\t\t\t\t\t\t\t\t\t\t\t\t\t<\/div>\n\t\t\t\t<\/div>\n\t\t\t\t<div class=\"elementor-element elementor-element-85e6b1f elementor-widget elementor-widget-heading\" data-id=\"85e6b1f\" data-element_type=\"widget\" data-widget_type=\"heading.default\">\n\t\t\t\t<div class=\"elementor-widget-container\">\n\t\t\t\t\t<h2 class=\"elementor-heading-title elementor-size-default translation-block\">Premium <br>Drink Selection<\/h2>\t\t\t\t<\/div>\n\t\t\t\t<\/div>\n\t\t\t\t<div class=\"elementor-element elementor-element-4da35db elementor-widget elementor-widget-text-editor\" data-id=\"4da35db\" data-element_type=\"widget\" data-widget_type=\"text-editor.default\">\n\t\t\t\t<div class=\"elementor-widget-container\">\n\t\t\t\t\t\t\t\t\t<p><span style=\"font-weight: 400;\">Handcrafted cocktails, selected wines, and rare spirits \u2014 refined flavors that perfectly complement your evenings.<\/span><\/p>\t\t\t\t\t\t\t\t<\/div>\n\t\t\t\t<\/div>\n\t\t\t\t<div class=\"elementor-element elementor-element-07fccd9 elementor-align-center elementor-widget elementor-widget-button\" data-id=\"07fccd9\" data-element_type=\"widget\" data-widget_type=\"button.default\">\n\t\t\t\t<div class=\"elementor-widget-container\">\n\t\t\t\t\t\t\t\t\t<div class=\"elementor-button-wrapper\">\n\t\t\t\t\t<a class=\"elementor-button elementor-button-link elementor-size-sm elementor-animation-sink\" href=\"https:\/\/balnabazis.com\/en\/itallap\/\">\n\t\t\t\t\t\t<span class=\"elementor-button-content-wrapper\">\n\t\t\t\t\t\t\t\t\t<span class=\"elementor-button-text\">SHOW ME THE DRINKS<\/span>\n\t\t\t\t\t<\/span>\n\t\t\t\t\t<\/a>\n\t\t\t\t<\/div>\n\t\t\t\t\t\t\t\t<\/div>\n\t\t\t\t<\/div>\n\t\t\t\t<\/div>\n\t\t\t\t<\/div>\n\t\t<div class=\"elementor-element elementor-element-7f0400b e-flex e-con-boxed e-con e-parent\" data-id=\"7f0400b\" data-element_type=\"container\" data-settings=\"{&quot;background_background&quot;:&quot;video&quot;,&quot;shape_divider_top&quot;:&quot;tilt&quot;,&quot;background_video_link&quot;:&quot;https:\\\/\\\/balnabazis.com\\\/wp-content\\\/uploads\\\/2025\\\/03\\\/koktel.mp4&quot;,&quot;background_play_on_mobile&quot;:&quot;yes&quot;}\">\n\t\t\t\t\t<div class=\"e-con-inner\">\n\t\t<div class=\"elementor-background-video-container\">\n\t\t\t\t\t\t\t<video class=\"elementor-background-video-hosted\" autoplay muted playsinline loop><\/video>\n\t\t\t\t\t<\/div>\t\t<div class=\"elementor-shape elementor-shape-top\" data-negative=\"false\">\n\t\t\t<svg xmlns=\"http:\/\/www.w3.org\/2000\/svg\" viewbox=\"0 0 1000 100\" preserveaspectratio=\"none\">\n\t<path class=\"elementor-shape-fill\" d=\"M0,6V0h1000v100L0,6z\"\/>\n<\/svg>\t\t<\/div>\n\t\t\t\t\t<\/div>\n\t\t\t\t<\/div>\n\t\t<div class=\"elementor-element elementor-element-0a99e48 e-con-full e-flex e-con e-parent\" data-id=\"0a99e48\" data-element_type=\"container\" data-settings=\"{&quot;background_background&quot;:&quot;gradient&quot;,&quot;shape_divider_bottom&quot;:&quot;tilt&quot;}\">\n\t\t\t\t<div class=\"elementor-shape elementor-shape-bottom\" data-negative=\"false\">\n\t\t\t<svg xmlns=\"http:\/\/www.w3.org\/2000\/svg\" viewbox=\"0 0 1000 100\" preserveaspectratio=\"none\">\n\t<path class=\"elementor-shape-fill\" d=\"M0,6V0h1000v100L0,6z\"\/>\n<\/svg>\t\t<\/div>\n\t\t<div class=\"elementor-element elementor-element-13d57d7 e-con-full e-flex e-con e-child\" data-id=\"13d57d7\" data-element_type=\"container\">\n\t\t\t\t<div class=\"elementor-element elementor-element-05230e3 elementor-widget elementor-widget-image\" data-id=\"05230e3\" data-element_type=\"widget\" data-widget_type=\"image.default\">\n\t\t\t\t<div class=\"elementor-widget-container\">\n\t\t\t\t\t\t\t\t\t\t\t\t\t\t\t<img loading=\"lazy\" decoding=\"async\" width=\"1080\" height=\"1080\" src=\"https:\/\/balnabazis.com\/wp-content\/uploads\/2025\/03\/bazis-2.png\" class=\"attachment-full size-full wp-image-229\" alt=\"\" srcset=\"https:\/\/balnabazis.com\/wp-content\/uploads\/2025\/03\/bazis-2.png 1080w, https:\/\/balnabazis.com\/wp-content\/uploads\/2025\/03\/bazis-2-300x300.png 300w, https:\/\/balnabazis.com\/wp-content\/uploads\/2025\/03\/bazis-2-1024x1024.png 1024w, https:\/\/balnabazis.com\/wp-content\/uploads\/2025\/03\/bazis-2-150x150.png 150w, https:\/\/balnabazis.com\/wp-content\/uploads\/2025\/03\/bazis-2-768x768.png 768w\" sizes=\"(max-width: 1080px) 100vw, 1080px\" \/>\t\t\t\t\t\t\t\t\t\t\t\t\t\t\t<\/div>\n\t\t\t\t<\/div>\n\t\t\t\t<\/div>\n\t\t<div class=\"elementor-element elementor-element-2dd3727 e-con-full e-flex e-con e-child\" data-id=\"2dd3727\" data-element_type=\"container\">\n\t\t\t\t<div class=\"elementor-element elementor-element-3cf9982 elementor-widget elementor-widget-heading\" data-id=\"3cf9982\" data-element_type=\"widget\" data-widget_type=\"heading.default\">\n\t\t\t\t<div class=\"elementor-widget-container\">\n\t\t\t\t\t<h2 class=\"elementor-heading-title elementor-size-default\">Friss\u00edt\u0151 kokt\u00e9lok, pr\u00e9mium italok<\/h2>\t\t\t\t<\/div>\n\t\t\t\t<\/div>\n\t\t\t\t<div class=\"elementor-element elementor-element-5b8f1a9 elementor-widget elementor-widget-heading\" data-id=\"5b8f1a9\" data-element_type=\"widget\" data-widget_type=\"heading.default\">\n\t\t\t\t<div class=\"elementor-widget-container\">\n\t\t\t\t\t<h2 class=\"elementor-heading-title elementor-size-default\">Drink B\u00e1r<\/h2>\t\t\t\t<\/div>\n\t\t\t\t<\/div>\n\t\t\t\t<div class=\"elementor-element elementor-element-7875de3 elementor-widget elementor-widget-text-editor\" data-id=\"7875de3\" data-element_type=\"widget\" data-widget_type=\"text-editor.default\">\n\t\t\t\t<div class=\"elementor-widget-container\">\n\t\t\t\t\t\t\t\t\t<p data-start=\"77\" data-end=\"384\">A B\u00e1lna B\u00e1zis b\u00e1rja a t\u00f6k\u00e9letes hely egy k\u00f6nnyed friss\u00edt\u0151h\u00f6z vagy egy j\u00f3l elk\u00e9sz\u00edtett kokt\u00e9lhoz, mik\u00f6zben \u00e9lvezed a Dunaparti panor\u00e1m\u00e1t. K\u00edn\u00e1latunkban megtal\u00e1lod a klasszikus \u00e9s modern kokt\u00e9lokat, min\u0151s\u00e9gi borokat, k\u00e9zm\u0171ves s\u00f6r\u00f6ket \u00e9s alkoholmentes friss\u00edt\u0151ket is, hogy mindenki megtal\u00e1lja a kedvenc\u00e9t.<\/p><p data-start=\"386\" data-end=\"550\" data-is-last-node=\"\" data-is-only-node=\"\">Legyen sz\u00f3 egy d\u00e9lut\u00e1ni limon\u00e1d\u00e9r\u00f3l, egy bar\u00e1ti koccint\u00e1sr\u00f3l vagy egy nyugodt esti besz\u00e9lget\u00e9sr\u0151l, b\u00e1runk italai \u00e9s a terasz kellemes hangulata mindig j\u00f3 v\u00e1laszt\u00e1s.<\/p>\t\t\t\t\t\t\t\t<\/div>\n\t\t\t\t<\/div>\n\t\t<div class=\"elementor-element elementor-element-dc842bf e-con-full e-flex e-con e-child\" data-id=\"dc842bf\" data-element_type=\"container\">\n\t\t\t\t<div class=\"elementor-element elementor-element-37831a3 elementor-align-center elementor-widget elementor-widget-button\" data-id=\"37831a3\" data-element_type=\"widget\" data-widget_type=\"button.default\">\n\t\t\t\t<div class=\"elementor-widget-container\">\n\t\t\t\t\t\t\t\t\t<div class=\"elementor-button-wrapper\">\n\t\t\t\t\t<a class=\"elementor-button elementor-button-link elementor-size-sm\" href=\"https:\/\/balnabazis.com\/en\/itallap\/\">\n\t\t\t\t\t\t<span class=\"elementor-button-content-wrapper\">\n\t\t\t\t\t\t\t\t\t<span class=\"elementor-button-text\">Drinks<\/span>\n\t\t\t\t\t<\/span>\n\t\t\t\t\t<\/a>\n\t\t\t\t<\/div>\n\t\t\t\t\t\t\t\t<\/div>\n\t\t\t\t<\/div>\n\t\t\t\t<\/div>\n\t\t\t\t<\/div>\n\t\t\t\t<\/div>\n\t\t\t\t<\/div>","protected":false},"excerpt":{"rendered":"<p>Egy hely, ahov\u00e1 mindig j\u00f3 visszat\u00e9rni Budapest kedvenc terasza A B\u00e1lna B\u00e1zis nem csup\u00e1n egy hely, hanem egy \u00e9let\u00e9rz\u00e9s \u2013 [&hellip;]<\/p>","protected":false},"author":1,"featured_media":0,"parent":0,"menu_order":0,"comment_status":"closed","ping_status":"closed","template":"","meta":{"site-sidebar-layout":"no-sidebar","site-content-layout":"","ast-site-content-layout":"full-width-container","site-content-style":"default","site-sidebar-style":"default","ast-global-header-display":"","ast-banner-title-visibility":"","ast-main-header-display":"","ast-hfb-above-header-display":"","ast-hfb-below-header-display":"","ast-hfb-mobile-header-display":"","site-post-title":"disabled","ast-breadcrumbs-content":"","ast-featured-img":"disabled","footer-sml-layout":"","theme-transparent-header-meta":"","adv-header-id-meta":"","stick-header-meta":"","header-above-stick-meta":"","header-main-stick-meta":"","header-below-stick-meta":"","astra-migrate-meta-layouts":"default","ast-page-background-enabled":"default","ast-page-background-meta":{"desktop":{"background-color":"var(--ast-global-color-5)","background-image":"","background-repeat":"repeat","background-position":"center center","background-size":"auto","background-attachment":"scroll","background-type":"","background-media":"","overlay-type":"","overlay-color":"","overlay-opacity":"","overlay-gradient":""},"tablet":{"background-color":"","background-image":"","background-repeat":"repeat","background-position":"center center","background-size":"auto","background-attachment":"scroll","background-type":"","background-media":"","overlay-type":"","overlay-color":"","overlay-opacity":"","overlay-gradient":""},"mobile":{"background-color":"","background-image":"","background-repeat":"repeat","background-position":"center center","background-size":"auto","background-attachment":"scroll","background-type":"","background-media":"","overlay-type":"","overlay-color":"","overlay-opacity":"","overlay-gradient":""}},"ast-content-background-meta":{"desktop":{"background-color":"var(--ast-global-color-4)","background-image":"","background-repeat":"repeat","background-position":"center center","background-size":"auto","background-attachment":"scroll","background-type":"","background-media":"","overlay-type":"","overlay-color":"","overlay-opacity":"","overlay-gradient":""},"tablet":{"background-color":"var(--ast-global-color-4)","background-image":"","background-repeat":"repeat","background-position":"center center","background-size":"auto","background-attachment":"scroll","background-type":"","background-media":"","overlay-type":"","overlay-color":"","overlay-opacity":"","overlay-gradient":""},"mobile":{"background-color":"var(--ast-global-color-4)","background-image":"","background-repeat":"repeat","background-position":"center center","background-size":"auto","background-attachment":"scroll","background-type":"","background-media":"","overlay-type":"","overlay-color":"","overlay-opacity":"","overlay-gradient":""}},"footnotes":""},"class_list":["post-201","page","type-page","status-publish","hentry"],"_links":{"self":[{"href":"https:\/\/balnabazis.com\/en\/wp-json\/wp\/v2\/pages\/201","targetHints":{"allow":["GET"]}}],"collection":[{"href":"https:\/\/balnabazis.com\/en\/wp-json\/wp\/v2\/pages"}],"about":[{"href":"https:\/\/balnabazis.com\/en\/wp-json\/wp\/v2\/types\/page"}],"author":[{"embeddable":true,"href":"https:\/\/balnabazis.com\/en\/wp-json\/wp\/v2\/users\/1"}],"replies":[{"embeddable":true,"href":"https:\/\/balnabazis.com\/en\/wp-json\/wp\/v2\/comments?post=201"}],"version-history":[{"count":46,"href":"https:\/\/balnabazis.com\/en\/wp-json\/wp\/v2\/pages\/201\/revisions"}],"predecessor-version":[{"id":402,"href":"https:\/\/balnabazis.com\/en\/wp-json\/wp\/v2\/pages\/201\/revisions\/402"}],"wp:attachment":[{"href":"https:\/\/balnabazis.com\/en\/wp-json\/wp\/v2\/media?parent=201"}],"curies":[{"name":"wp","href":"https:\/\/api.w.org\/{rel}","templated":true}]}}